{"id":1335,"date":"2019-03-01T23:56:46","date_gmt":"2019-03-01T20:56:46","guid":{"rendered":"http:\/\/kandiholds.com\/?page_id=1335"},"modified":"2019-03-24T20:39:23","modified_gmt":"2019-03-24T17:39:23","slug":"mesafeli-satis-sozlesmesi","status":"publish","type":"page","link":"https:\/\/kandiholds.com\/tr\/mesafeli-satis-sozlesmesi\/","title":{"rendered":"Mesafeli Sat\u0131\u015f S\u00f6zle\u015fmesi"},"content":{"rendered":"<p><\/p>\n<h2>Mesafeli Sat\u0131\u015f S\u00f6zle\u015fmesi<\/h2>\n<h3>\u00dcyelik, Gizlilik ve Sat\u0131\u015f S\u00f6zle\u015fmesi<\/h3>\n<h4>1. Taraflar<\/h4>\n<h5>SATICI<\/h5>\n<p>\u00dcnvan\u0131:\u00a0<strong>Kandi Spor LTD \u015eT\u0130<\/strong> Ad\u0131na <a href=\"http:\/\/www.kandiholds.com\">www.kandiholds.com<\/a><\/p>\n<p>B\u00fclb\u00fcl Mah. Pa\u015fabakkal Sk No 37<\/p>\n<p>Beyo\u011flu-\u0130stanbul<\/p>\n<p>E-posta:\u00a0muratkandi@gmail.com<\/p>\n<h5>Al\u0131c\u0131<\/h5>\n<p><strong>www.kandiholds.com<\/strong> adreslerinden al\u0131\u015fveri\u015f yapan m\u00fc\u015fteri<\/p>\n<h4>2. Konu<\/h4>\n<p>ALICI\u2019n\u0131n SATICI\u2019ya ait <strong>www.kandiholds.com<\/strong> alan adl\u0131 internet sitelerinden elektronik ortamda sipari\u015fini yapt\u0131\u011f\u0131 a\u015fa\u011f\u0131da nitelikleri ve sat\u0131\u015f fiyat\u0131 belirtilen \u00fcr\u00fcn veya \u00fcr\u00fcnlerin sat\u0131\u015f\u0131 ve teslimi ile ilgili olarak, 4077 say\u0131l\u0131 T\u00fcketicilerin Korunmas\u0131 Hakk\u0131ndaki Kanun ve Mesafeli S\u00f6zle\u015fmelere Dair Y\u00f6netmelik h\u00fck\u00fcmleri gere\u011fince taraflar\u0131n hak ve y\u00fck\u00fcml\u00fcl\u00fcklerinin saptanmas\u0131d\u0131r.<\/p>\n<h4>3. S\u00f6zle\u015fme Konusu \u00dcr\u00fcn<\/h4>\n<p>\u00dcr\u00fcnler, Al\u0131c\u0131\u2019n\u0131n ki\u015fisel tercihlerine g\u00f6re haz\u0131rlanm\u0131\u015f olup, cinsi ve t\u00fcr\u00fc, miktar\u0131, sat\u0131\u015f bedeli yukar\u0131da belirtildi\u011fi gibidir.<\/p>\n<h4>4. Genel \u015eartlar<\/h4>\n<p>4.1.ALICI, SATICI\u2019ya <strong>www.kandiholds.com<\/strong> alan adl\u0131 internet sitelerinde s\u00f6zle\u015fme konusu \u00fcr\u00fcn\u00fcn temel nitelikleri, sat\u0131\u015f fiyat\u0131 ve \u00f6deme \u015fekli ile teslimata ili\u015fkin \u00f6n bilgileri okuyup eksiksiz ve do\u011fru bilgi sahibi oldu\u011funu ve i\u015fbu S\u00f6zle\u015fmenin ge\u00e7erlili\u011fi i\u00e7in elektronik ortamda gerekli teyidi verdi\u011fini beyan eder.<\/p>\n<p>4.2.S\u00f6zle\u015fme konusu \u00fcr\u00fcn, yasal 30 g\u00fcnl\u00fck s\u00fcreyi a\u015fmamak ko\u015fulu ile her bir \u00fcr\u00fcn i\u00e7in ALICI\u2019n\u0131n yerle\u015fim yerinin uzakl\u0131\u011f\u0131na ba\u011fl\u0131 olarak internet sitesinde \u00f6n bilgiler i\u00e7inde a\u00e7\u0131klanan s\u00fcre i\u00e7inde ALICI veya g\u00f6sterdi\u011fi adresteki ki\u015fi\/kurulu\u015fa teslim edilir.<\/p>\n<p>4.3.ALICI, SATICI\u2019 ya verdi\u011fi teslimat adresinin eksiksiz ve do\u011fru oldu\u011funu kabul ve beyan eder.<\/p>\n<p>4.4.S\u00f6zle\u015fme konusu \u00fcr\u00fcn, ALICI\u2019dan ba\u015fka bir ki\u015fi\/kurulu\u015fa teslim edilecek ise, teslim edilecek ki\u015fi\/kurulu\u015fun teslimat\u0131 kabul etmemesinden SATICI sorumlu de\u011fildir.<\/p>\n<p>4.5.S\u00f6zle\u015fme konusu \u00fcr\u00fcn\u00fcn kullan\u0131lmam\u0131\u015f ve sipari\u015fte belirtilen niteliklere uygun tesliminden SATICI sorumludur.<\/p>\n<p>4.6.S\u00f6zle\u015fme konusu \u00fcr\u00fcn\u00fcn teslimat\u0131 i\u00e7in i\u015fbu s\u00f6zle\u015fmeye internet \u00fczerinde onay verilmi\u015f ve bedelinin ALICI\u2019n\u0131n tercih etti\u011fi \u00f6deme \u015fekli ile \u00f6denmi\u015f olmas\u0131 \u015fartt\u0131r. Herhangi bir nedenle \u00fcr\u00fcn bedelinin \u00f6denmemesi veya banka kay\u0131tlar\u0131n\u0131n iptal edilmesi halinde, SATICI\u2019n\u0131n \u00fcr\u00fcn\u00fcn teslimi y\u00fck\u00fcml\u00fcl\u00fc\u011f\u00fcn\u00fcn ortadan kalkaca\u011f\u0131 taraflarca kabul edilmi\u015ftir.<\/p>\n<p>4.7.\u00dcr\u00fcn\u00fcn tesliminden sonra ALICI\u2019ya ait kredi kart\u0131n\u0131n ALICI\u2019n\u0131n kusurundan kaynaklanmayan bir \u015fekilde yetkisiz ki\u015filerce haks\u0131z veya hukuka ayk\u0131r\u0131 olarak kullan\u0131lmas\u0131 nedeni ile, ilgili banka veya finans kurulu\u015funun \u00fcr\u00fcn bedelini SATICI\u2019ya \u00f6dememesi halinde, kendisine teslim edilmi\u015f olmas\u0131 kayd\u0131yla ALICI\u2019 n\u0131n \u00fcr\u00fcn\u00fc 3 g\u00fcn i\u00e7inde SATICI\u2019ya g\u00f6ndermesi zorunludur. Bu takdirde nakliye giderleri ve t\u00fcm \u00f6demeler ALICI\u2019ya aittir.<\/p>\n<p>4.8.SATICI m\u00fccbir sebepler veya nakliyeyi engelleyen hava muhalefeti, ula\u015f\u0131m\u0131n kesilmesi gibi ola\u011fan\u00fcst\u00fc durumlar nedeni ile s\u00f6zle\u015fme konusu \u00fcr\u00fcn\u00fc s\u00fcresi i\u00e7inde teslim edemez ise, durumu ALICI\u2019 ya bildirmekle y\u00fck\u00fcml\u00fcd\u00fcr. Bu takdirde ALICI sipari\u015fin iptal edilmesi veya s\u00f6zle\u015fme konusu \u00fcr\u00fcn\u00fcn teslimat s\u00fcresinin engelleyici durumun ortadan kalkmas\u0131na kadar ertelenmesi haklar\u0131ndan birini kullanabilir. ALICI\u2019 n\u0131n sipari\u015fi iptal etmesi halinde \u00f6dedi\u011fi tutar 10 g\u00fcn i\u00e7inde kendisine \u00fcr\u00fcn bedelini \u00f6derken se\u00e7ti\u011fi \u00f6deme y\u00f6ntemi ile iade edilir.<\/p>\n<p>4.9.Kargodaki gecikmelerden firmam\u0131z sorumlu de\u011fildir.<\/p>\n<h4>5. Ki\u015fisel Bilgiler ve Gizlilik<\/h4>\n<p>http:\/\/www.bpyayin.com, http:\/\/www.sfenkskitap.com ve http:\/\/www.felibuskitap.com m\u00fc\u015fterilerine daha iyi hizmet verebilmek amac\u0131yla isim, ya\u015f, ilgi alanlar\u0131n\u0131z, e-posta gibi baz\u0131 ki\u015fisel bilgilerinizi sizlerden talep etmektedir. http:\/\/www.bpyayin.com, http:\/\/www.sfenkskitap.com ve http:\/\/www.felibuskitap.com sunucular\u0131nda toplanan bu bilgiler, sipari\u015flerinizin i\u015fleme konulmas\u0131 ve hesab\u0131n\u0131z\u0131n y\u00f6netilmesi, hizmetlerimizin ve ilgili \u00fcr\u00fcnlerimizin pazarlanmas\u0131, pazar ara\u015ft\u0131rmas\u0131 amac\u0131yla temsilcileri vas\u0131tas\u0131 ile gerek e-posta, telefon, fax veya SMS yoluyla gerekse de posta yoluyla sizinle irtibat kurmak, internet sitemizi ne \u015fekilde kulland\u0131\u011f\u0131n\u0131za dair analiz yapmak ve sizlere daha iyi hizmet i\u00e7in internet sitemizi size \u00f6zg\u00fc hale getirmek, kimlik, do\u011frulama ve kay\u0131t olu\u015fturulmas\u0131, \u00fcr\u00fcnlerimizi ve hizmetlerimizi ve bunlara ili\u015fkin ki\u015fisel se\u00e7im olanaklar\u0131n\u0131z\u0131 ara\u015ft\u0131rmak ve geli\u015ftirmek, hizmetlerimizi veya ilgili \u00fcr\u00fcnleri sizlere tan\u0131tmak, yeni \u00fcr\u00fcnler ve ilgi \u00e7ekici bulaca\u011f\u0131n\u0131z\u0131 d\u00fc\u015f\u00fcnd\u00fc\u011f\u00fc di\u011fer bilgiler hakk\u0131ndaki promosyon niteli\u011findeki e-postalar\u0131 periyodik olarak g\u00f6nderebilmek ve istenmeyen e-postalar\u0131n iletilmemesine y\u00f6nelik m\u00fc\u015fteri s\u0131n\u0131fland\u0131rmas\u0131 \u00e7al\u0131\u015fmalar\u0131 i\u00e7in sadece firmam\u0131z taraf\u0131ndan kullan\u0131lmakta ve sipari\u015finizin ger\u00e7ekle\u015ftirilmesi i\u00e7in gerekli bilgiler gerekti\u011fi \u00f6l\u00e7\u00fcde banka ve kargo \u015firketi ile payla\u015f\u0131lmaktad\u0131r. Bu bilgiler, firmam\u0131z\u0131n ortaklar\u0131n\u0131n ileride kuracaklar\u0131 \u015firketler taraf\u0131ndan da kullan\u0131labilir. \u00dcyelik formlar\u0131ndan toplanan bilgiler, sipari\u015fin ger\u00e7ekle\u015ftirilmesi d\u0131\u015f\u0131nda s\u00f6z konusu \u00fcyenin haberi ya da aksi bir talimat\u0131 olmaks\u0131z\u0131n, \u00fc\u00e7\u00fcnc\u00fc \u015fah\u0131slarla kesinlikle payla\u015f\u0131lmamakta, faaliyet d\u0131\u015f\u0131 hi\u00e7bir nedenle ticari ama\u00e7la kullan\u0131lmamakta ve sat\u0131lmamaktad\u0131r.<\/p>\n<p>Ayr\u0131ca, istenilen ki\u015fisel bilgilerin haricinde site kullan\u0131m\u0131 s\u0131ras\u0131nda izlenen ziyaret\u00e7i hareket ve tercihleri analiz edilerek yorumlamaktad\u0131r. Ki\u015fisel bilgiler i\u00e7ermeyen bu istatistiksel veriler, m\u00fc\u015fterilerimize daha \u00f6zel ve etkin bir al\u0131\u015fveri\u015f deneyimi ya\u015fatmak ama\u00e7lanmaktad\u0131r.<br \/>\nM\u00fc\u015fteri bilgileri, ancak resmi makamlarca usul\u00fc dairesinde bu bilgilerin talep edilmesi halinde ve y\u00fcr\u00fcrl\u00fckteki emredici mevzuat h\u00fck\u00fcmleri gere\u011fince resmi makamlara a\u00e7\u0131klama yapmak zorunda oldu\u011fu durumlarda resmi makamlara a\u00e7\u0131klanabilecektir.<\/p>\n<p>M\u00fc\u015fterinin sisteme girdi\u011fi t\u00fcm bilgilere sadece M\u00fc\u015fteri ula\u015fabilmekte ve bu bilgileri sadece M\u00fc\u015fteri de\u011fi\u015ftirebilmektedir. Bir ba\u015fkas\u0131n\u0131n bu bilgilere ula\u015fmas\u0131 ve bunlar\u0131 de\u011fi\u015ftirmesi m\u00fcmk\u00fcn de\u011fildir. Siteye \u00fcye oldu\u011funuzda kar\u015f\u0131n\u0131za \u00e7\u0131kan http:\/\/www.bpyayin.com, http:\/\/www.sfenkskitap.com ve http:\/\/www.felibuskitap.com\u2019dan g\u00f6nderilen maillerin alt k\u0131sm\u0131nda bulunan \u201cKampanya duyurular\u0131ndan haberdar olmak istemiyorsan\u0131z l\u00fctfen t\u0131klay\u0131n\u0131z.\u201d linkine t\u0131klayarak mail g\u00f6nderim listesinden kolayca \u00e7\u0131kabilirsiniz.<\/p>\n<p>\u00d6deme sayfas\u0131nda istenen kredi kart\u0131 bilgileriniz, siteden al\u0131\u015fveri\u015f yapan siz de\u011ferli m\u00fc\u015fterilerimizin g\u00fcvenli\u011fini en \u00fcst seviyede sa\u011flamak dikkate edilen temel noktalardand\u0131r. Bu nedenle bu bilgiler hi\u00e7bir \u015fekilde <strong>www.kandiholds.com<\/strong> sunucular\u0131nda tutulmamakta ve \u00f6demeye y\u00f6nelik t\u00fcm i\u015flemlerin <strong>www.kandiholds.com<\/strong> aray\u00fcz\u00fc \u00fczerinden banka ve bilgisayar\u0131n\u0131z aras\u0131nda ger\u00e7ekle\u015fmesi sa\u011flanmaktad\u0131r. <strong>www.kandiholds.com<\/strong> sitelerindeki kredi kart\u0131 \u00f6demeleri https:\/\/iyzico.com sistemleri \u00fczerinden ger\u00e7ekle\u015fmektedir. Bu \u00f6deme sayfas\u0131n\u0131n tasar\u0131m\u0131, bak\u0131m\u0131 ve g\u00fcvenli\u011fi https:\/\/iyzico.com taraf\u0131ndan sa\u011flanmaktad\u0131r.<\/p>\n<h4>6.Cayma Hakk\u0131<\/h4>\n<p>ALICI, s\u00f6zle\u015fme konusu \u00fcr\u00fcn\u00fcn kendisine veya g\u00f6sterdi\u011fi adresteki ki\u015fi\/kurulu\u015fa tesliminden itibaren 7 g\u00fcn i\u00e7inde cayma hakk\u0131na sahiptir. Bu konudaki istisna, mal\u0131n t\u00fcketicinin istekleri ve onun ki\u015fisel ihtiya\u00e7lar\u0131 do\u011frultusunda haz\u0131rlanmas\u0131 ve niteli\u011fi gere\u011fi iade edilemeyecek mallardan olmas\u0131 durumudur. Bu tip mallar Mesafeli S\u00f6zle\u015fmelere Dair Y\u00f6netmelik \u00e7er\u00e7evesinde ayr\u0131 tutuldu\u011fu ve niteli\u011fi gere\u011fi t\u00fcketildi\u011fi anda sona eren mallar oldu\u011fu i\u00e7in iade edilmeleri s\u00f6z konusu de\u011fildir.<\/p>\n<h4>7. Sipari\u015f \u0130ptali<\/h4>\n<p>ALICI internet \u00fczerinden sipari\u015f verdi\u011fi anda, SATICI ise \u00fcr\u00fcn\u00fc kargo \u015firketine teslim etti\u011fi anda S\u00f6zle\u015fmeyi kabul etmi\u015f ve S\u00f6zle\u015fme kurulmu\u015f say\u0131l\u0131r. Sat\u0131c\u0131 sipari\u015fi kargo \u015firketine teslim etti\u011fine dair e-posta ile onay g\u00f6nderecektir.<\/p>\n<p>Sipari\u015flerinizde adres ve teslim tarihi de\u011fi\u015fiklikleri ile sipari\u015f iptali, \u00fcr\u00fcn kargo \u015firketine teslim edilmeden bildirilmelidir. Aksi halde sipari\u015f iptali ile ilgili olu\u015facak sorunlardan SATICI sorumlu de\u011fildir.<\/p>\n<p>Yap\u0131lan yanl\u0131\u015f \u00f6deme veya sipari\u015f iptallerinde kredi kart\u0131n\u0131za ilgili tutarlar\u0131n iadeleri 10 g\u00fcn s\u00fcre i\u00e7inde yap\u0131lacakt\u0131r. ALICI\u2019n\u0131n bilgilerini vermi\u015f oldu\u011fu kredi kart\u0131n\u0131n ba\u011fl\u0131 oldu\u011fu bankan\u0131n kural ve i\u015fleyi\u015fine ba\u011fl\u0131 gecikmelerden SATICI sorumlu de\u011fildir.<\/p>\n<p>Al\u0131\u015fveri\u015finiz esnas\u0131nda meydana gelecek anla\u015fmazl\u0131klar sipari\u015f bedeli ile s\u0131n\u0131rl\u0131d\u0131r.<\/p>\n<h4>8. Sistem Hatalar\u0131<\/h4>\n<p>SATICI\u2019n\u0131n S\u00f6zle\u015fme\u2019yi kabul etmemesi veya ALICI\u2019 n\u0131n sipari\u015fi s\u00fcresinde iptal etmesi halinde ALICI\u2019 NIN \u00f6dedi\u011fi tutar on g\u00fcn i\u00e7inde kendisine iade edilir.<\/p>\n<p>Dizgi ve sistem hatalar\u0131ndan meydana gelen fiyat yanl\u0131\u015fl\u0131klar\u0131ndan SATICI sorumlu de\u011fildir.<\/p>\n<h4>9. Yetkili Mahkeme<\/h4>\n<p>\u0130\u015fbu s\u00f6zle\u015fmenin uygulanmas\u0131nda, Bilim Sanayi ve Teknoloji Bakanl\u0131\u011f\u0131\u2019 nca (eski ad\u0131 Sanayi ve Ticaret Bakanl\u0131\u011f\u0131) ilan edilen de\u011fere kadar T\u00fcketici Hakem Heyetleri ile SATICI \u2018n\u0131n yerle\u015fim yerindeki T\u00fcketici Mahkemeleri yetkilidir.<\/p>\n<p>Sipari\u015fin ger\u00e7ekle\u015fmesi durumunda ALICI i\u015fbu s\u00f6zle\u015fmenin t\u00fcm ko\u015fullar\u0131n\u0131 kabul etmi\u015f say\u0131l\u0131r.<\/p>\n<h4>SATICI<\/h4>\n<p><strong>KAND\u0130 SPOR L\u0130M\u0130TED \u015e\u0130RKET\u0130<\/strong><\/p>\n<h4>ALICI<\/h4>\n<p><strong>www.kandiholds.com<\/strong> adresinden al\u0131\u015fveri\u015f yapan m\u00fc\u015fteri<\/p>","protected":false},"excerpt":{"rendered":"<p>Mesafeli Sat\u0131\u015f S\u00f6zle\u015fmesi \u00dcyelik, Gizlilik ve Sat\u0131\u015f S\u00f6zle\u015fmesi 1. Taraflar SATICI \u00dcnvan\u0131:\u00a0Kandi Spor LTD \u015eT\u0130 Ad\u0131na www.kandiholds.com B\u00fclb\u00fcl Mah. Pa\u015fabakkal Sk No 37 Beyo\u011flu-\u0130stanbul E-posta:\u00a0muratkandi@gmail.com Al\u0131c\u0131 www.kandiholds.com adreslerinden al\u0131\u015fveri\u015f yapan m\u00fc\u015fteri 2. Konu ALICI\u2019n\u0131n SATICI\u2019ya ait www.kandiholds.com alan adl\u0131 internet sitelerinden elektronik ortamda sipari\u015fini yapt\u0131\u011f\u0131 a\u015fa\u011f\u0131da nitelikleri ve sat\u0131\u015f fiyat\u0131 belirtilen \u00fcr\u00fcn veya \u00fcr\u00fcnlerin sat\u0131\u015f\u0131 &hellip; <br \/><a href=\"https:\/\/kandiholds.com\/tr\/mesafeli-satis-sozlesmesi\/\" class=\"more-link\">Continue reading <span class=\"screen-reader-text\">Mesafeli Sat\u0131\u015f S\u00f6zle\u015fmesi<\/span><\/a><\/p>\n","protected":false},"author":2,"featured_media":0,"parent":0,"menu_order":0,"comment_status":"closed","ping_status":"closed","template":"","meta":{"footnotes":""},"class_list":["post-1335","page","type-page","status-publish","hentry"],"_links":{"self":[{"href":"https:\/\/kandiholds.com\/tr\/wp-json\/wp\/v2\/pages\/1335","targetHints":{"allow":["GET"]}}],"collection":[{"href":"https:\/\/kandiholds.com\/tr\/wp-json\/wp\/v2\/pages"}],"about":[{"href":"https:\/\/kandiholds.com\/tr\/wp-json\/wp\/v2\/types\/page"}],"author":[{"embeddable":true,"href":"https:\/\/kandiholds.com\/tr\/wp-json\/wp\/v2\/users\/2"}],"replies":[{"embeddable":true,"href":"https:\/\/kandiholds.com\/tr\/wp-json\/wp\/v2\/comments?post=1335"}],"version-history":[{"count":2,"href":"https:\/\/kandiholds.com\/tr\/wp-json\/wp\/v2\/pages\/1335\/revisions"}],"predecessor-version":[{"id":1368,"href":"https:\/\/kandiholds.com\/tr\/wp-json\/wp\/v2\/pages\/1335\/revisions\/1368"}],"wp:attachment":[{"href":"https:\/\/kandiholds.com\/tr\/wp-json\/wp\/v2\/media?parent=1335"}],"curies":[{"name":"wp","href":"https:\/\/api.w.org\/{rel}","templated":true}]}}