{"id":32,"date":"2018-05-24T14:42:49","date_gmt":"2018-05-24T14:42:49","guid":{"rendered":"http:\/\/demoapus-wp.com\/famita\/famita-fashion\/?page_id=32"},"modified":"2019-03-02T00:15:02","modified_gmt":"2019-03-01T21:15:02","slug":"hakkinda","status":"publish","type":"page","link":"https:\/\/kandiholds.com\/tr\/hakkinda\/","title":{"rendered":"Hakk\u0131nda"},"content":{"rendered":"<p><span style=\"color: #333333;\"><b><span style=\"font-family: Times New Roman; font-size: x-large;\">\u00a0\u00a0\u00a0\u00a0 <\/span><\/b> <span style=\"font-family: Arial;\">Kandi T\u0131rman\u0131\u015f Duvarlar\u0131<\/span><span style=\"font-family: Arial; font-size: large;\">\u00a0 <\/span> <\/span><\/p>\n<p><span style=\"color: #333333; font-family: Arial; font-size: large;\">\u00a0 <\/span><\/p>\n<p align=\"justify\"><span style=\"color: #333333;\"> <span style=\"font-family: Times New Roman; font-size: large;\">Firmam\u0131z, t\u0131rman\u0131\u015f duvar\u0131 ve tutamak \u00fczerine y\u00fcksek kalitede \u00fcretim ve teknik\u00a0 tasar\u0131mlar\u0131yla hizmet vermektedir.<\/span><\/span><\/p>\n<p align=\"justify\"><span style=\"font-family: Times New Roman; font-size: large;\">Tutamak ve t\u0131rman\u0131\u015f duvar\u0131 (yapay duvar) AR-GE \u00e7al\u0131\u015fmalar\u0131na 1998 y\u0131l\u0131nda ba\u015flayan ve ilk modelleri \u00fcreten firmam\u0131z, 2000 y\u0131l\u0131nda T\u00fcrkiyede ilk defa tasar\u0131m ve \u00fcretimi tamamen firmam\u0131z taraf\u0131ndan ger\u00e7ekle\u015ftirilmi\u015f olan t\u0131rman\u0131\u015f tutamaklar\u0131n\u0131 piyasaya s\u00fcrmu\u015ftur. <\/span><\/p>\n<p align=\"justify\"><span style=\"color: #333333;\"> <span style=\"font-family: Times New Roman; font-size: large;\">Ayr\u0131ca T\u00fcrkiyenin ilk tamamen T\u00fcrk yap\u0131m\u0131 t\u0131rman\u0131\u015f duvar\u0131, yine firmam\u0131z taraf\u0131ndan 2001 y\u0131l\u0131nda Silivri Maxi al\u0131\u015fveri\u015f merkezinde in\u015fa edildi.<\/span><\/span><\/p>\n<p align=\"left\"><span style=\"color: #333333;\"> <b><span style=\"font-family: Times New Roman; font-size: medium;\"><br \/>\n<\/span><\/b><\/span><\/p>\n<p><\/p>","protected":false},"excerpt":{"rendered":"<p>\u00a0\u00a0\u00a0\u00a0 Kandi T\u0131rman\u0131\u015f Duvarlar\u0131\u00a0 \u00a0 Firmam\u0131z, t\u0131rman\u0131\u015f duvar\u0131 ve tutamak \u00fczerine y\u00fcksek kalitede \u00fcretim ve teknik\u00a0 tasar\u0131mlar\u0131yla hizmet vermektedir. Tutamak ve t\u0131rman\u0131\u015f duvar\u0131 (yapay duvar) AR-GE \u00e7al\u0131\u015fmalar\u0131na 1998 y\u0131l\u0131nda ba\u015flayan ve ilk modelleri \u00fcreten firmam\u0131z, 2000 y\u0131l\u0131nda T\u00fcrkiyede ilk defa tasar\u0131m ve \u00fcretimi tamamen firmam\u0131z taraf\u0131ndan ger\u00e7ekle\u015ftirilmi\u015f olan t\u0131rman\u0131\u015f tutamaklar\u0131n\u0131 piyasaya s\u00fcrmu\u015ftur. Ayr\u0131ca T\u00fcrkiyenin ilk &hellip; <br \/><a href=\"https:\/\/kandiholds.com\/tr\/hakkinda\/\" class=\"more-link\">Continue reading <span class=\"screen-reader-text\">Hakk\u0131nda<\/span><\/a><\/p>\n","protected":false},"author":1,"featured_media":0,"parent":0,"menu_order":0,"comment_status":"closed","ping_status":"closed","template":"","meta":{"footnotes":""},"class_list":["post-32","page","type-page","status-publish","hentry"],"_links":{"self":[{"href":"https:\/\/kandiholds.com\/tr\/wp-json\/wp\/v2\/pages\/32","targetHints":{"allow":["GET"]}}],"collection":[{"href":"https:\/\/kandiholds.com\/tr\/wp-json\/wp\/v2\/pages"}],"about":[{"href":"https:\/\/kandiholds.com\/tr\/wp-json\/wp\/v2\/types\/page"}],"author":[{"embeddable":true,"href":"https:\/\/kandiholds.com\/tr\/wp-json\/wp\/v2\/users\/1"}],"replies":[{"embeddable":true,"href":"https:\/\/kandiholds.com\/tr\/wp-json\/wp\/v2\/comments?post=32"}],"version-history":[{"count":3,"href":"https:\/\/kandiholds.com\/tr\/wp-json\/wp\/v2\/pages\/32\/revisions"}],"predecessor-version":[{"id":1356,"href":"https:\/\/kandiholds.com\/tr\/wp-json\/wp\/v2\/pages\/32\/revisions\/1356"}],"wp:attachment":[{"href":"https:\/\/kandiholds.com\/tr\/wp-json\/wp\/v2\/media?parent=32"}],"curies":[{"name":"wp","href":"https:\/\/api.w.org\/{rel}","templated":true}]}}