{"id":1072,"date":"2018-10-27T21:18:51","date_gmt":"2018-10-27T18:18:51","guid":{"rendered":"http:\/\/kandiclimbing.com\/?post_type=product&#038;p=1072"},"modified":"2022-06-18T19:57:57","modified_gmt":"2022-06-18T16:57:57","slug":"boomerangfullset","status":"publish","type":"product","link":"https:\/\/kandiholds.com\/tr\/product\/boomerangfullset\/","title":{"rendered":"Boomerang Ful Set"},"content":{"rendered":"","protected":false},"excerpt":{"rendered":"<h3><\/h3>\n<p><strong>Family<\/strong>: \u00a0\u00a0\u00a0\u00a0\u00a0\u00a0\u00a0\u00a0\u00a0\u00a0\u00a0\u00a0\u00a0\u00a0\u00a0\u00a0\u00a0 Boomerang<br \/>\n<strong>Tutamak say\u0131s<\/strong>:\u00a0\u00a0 34<br \/>\n<strong>Stil<\/strong>:\u00a0\u00a0\u00a0\u00a0\u00a0\u00a0\u00a0\u00a0\u00a0\u00a0\u00a0\u00a0\u00a0\u00a0\u00a0\u00a0 \u00a0 \u00a0 \u00a0 \u00a0\u00a0 Sloper-Pin\u00e7<br \/>\n<strong>Size<\/strong>: \u00a0\u00a0\u00a0\u00a0\u00a0\u00a0\u00a0\u00a0\u00a0\u00a0\u00a0\u00a0\u00a0\u00a0\u00a0\u00a0\u00a0\u00a0\u00a0\u00a0\u00a0\u00a0 XS-Mega<br \/>\n<strong>Hollowback<\/strong>:\u00a0\u00a0\u00a0\u00a0\u00a0\u00a0\u00a0 Evet<br \/>\n<strong>A\u011f\u0131rl\u0131k<\/strong>:<br \/>\n<strong>Malzemesi<\/strong>: \u00a0\u00a0\u00a0\u00a0\u00a0\u00a0\u00a0\u00a0\u00a0 PU<br \/>\n<strong>Dizayn<\/strong>: \u00a0 \u00a0 \u00a0\u00a0\u00a0\u00a0\u00a0\u00a0\u00a0\u00a0\u00a0\u00a0\u00a0\u00a0\u00a0 Murat A. Kandi<\/p>\n","protected":false},"featured_media":929,"comment_status":"open","ping_status":"closed","template":"","meta":[],"product_brand":[],"product_cat":[61,117,125,96,112],"product_tag":[74,75,77,76,93],"class_list":{"0":"post-1072","1":"product","2":"type-product","3":"status-publish","4":"has-post-thumbnail","6":"product_cat-holds-tutamak","7":"product_cat-boomerang","8":"product_cat-all","9":"product_cat-pu-pu-holds-tutmak","10":"product_cat-sloper","11":"product_tag-by-family","12":"product_tag-by-size","13":"product_tag-by-style","14":"product_tag-hand-holds","15":"product_tag-polyester","17":"first","18":"instock","19":"taxable","20":"shipping-taxable","21":"purchasable","22":"product-type-simple"},"_links":{"self":[{"href":"https:\/\/kandiholds.com\/tr\/wp-json\/wp\/v2\/product\/1072","targetHints":{"allow":["GET"]}}],"collection":[{"href":"https:\/\/kandiholds.com\/tr\/wp-json\/wp\/v2\/product"}],"about":[{"href":"https:\/\/kandiholds.com\/tr\/wp-json\/wp\/v2\/types\/product"}],"replies":[{"embeddable":true,"href":"https:\/\/kandiholds.com\/tr\/wp-json\/wp\/v2\/comments?post=1072"}],"wp:featuredmedia":[{"embeddable":true,"href":"https:\/\/kandiholds.com\/tr\/wp-json\/wp\/v2\/media\/929"}],"wp:attachment":[{"href":"https:\/\/kandiholds.com\/tr\/wp-json\/wp\/v2\/media?parent=1072"}],"wp:term":[{"taxonomy":"product_brand","embeddable":true,"href":"https:\/\/kandiholds.com\/tr\/wp-json\/wp\/v2\/product_brand?post=1072"},{"taxonomy":"product_cat","embeddable":true,"href":"https:\/\/kandiholds.com\/tr\/wp-json\/wp\/v2\/product_cat?post=1072"},{"taxonomy":"product_tag","embeddable":true,"href":"https:\/\/kandiholds.com\/tr\/wp-json\/wp\/v2\/product_tag?post=1072"}],"curies":[{"name":"wp","href":"https:\/\/api.w.org\/{rel}","templated":true}]}}