{"id":1155,"date":"2018-11-04T14:35:43","date_gmt":"2018-11-04T11:35:43","guid":{"rendered":"http:\/\/kandiclimbing.com\/?post_type=product&#038;p=1155"},"modified":"2022-06-18T19:45:57","modified_gmt":"2022-06-18T16:45:57","slug":"boomerangxxxl","status":"publish","type":"product","link":"https:\/\/kandiholds.com\/tr\/product\/boomerangxxxl\/","title":{"rendered":"Boomerang XXXL"},"content":{"rendered":"","protected":false},"excerpt":{"rendered":"<h3><\/h3>\n<p><strong>Family<\/strong>: \u00a0\u00a0\u00a0\u00a0\u00a0\u00a0\u00a0\u00a0\u00a0\u00a0\u00a0\u00a0\u00a0\u00a0\u00a0\u00a0\u00a0 Boomerang<br \/>\n<strong>Tutamak say\u0131s<\/strong>:\u00a0\u00a0 3<br \/>\n<strong>Stil<\/strong>:\u00a0\u00a0\u00a0\u00a0\u00a0\u00a0\u00a0\u00a0\u00a0\u00a0\u00a0\u00a0\u00a0\u00a0\u00a0\u00a0 \u00a0 \u00a0 \u00a0 \u00a0\u00a0 Sloper-Pin\u00e7<br \/>\n<strong>Size<\/strong>: \u00a0\u00a0\u00a0\u00a0\u00a0\u00a0\u00a0\u00a0\u00a0\u00a0\u00a0\u00a0\u00a0\u00a0\u00a0\u00a0\u00a0\u00a0\u00a0\u00a0\u00a0\u00a0 XXXL<br \/>\n<strong>Hollowback<\/strong>:\u00a0\u00a0\u00a0\u00a0\u00a0\u00a0\u00a0 Evet<br \/>\n<strong>A\u011f\u0131rl\u0131k<\/strong>:<br \/>\n<strong>Malzemesi<\/strong>: \u00a0\u00a0\u00a0\u00a0\u00a0\u00a0\u00a0\u00a0\u00a0 PU<br \/>\n<strong>Dizayn<\/strong>: \u00a0 \u00a0 \u00a0\u00a0\u00a0\u00a0\u00a0\u00a0\u00a0\u00a0\u00a0\u00a0\u00a0\u00a0\u00a0 Murat A. Kandi<\/p>\n","protected":false},"featured_media":947,"comment_status":"open","ping_status":"closed","template":"","meta":[],"product_brand":[],"product_cat":[61,117,125,114,96,110,112,105],"product_tag":[74,75,77,76],"class_list":{"0":"post-1155","1":"product","2":"type-product","3":"status-publish","4":"has-post-thumbnail","6":"product_cat-holds-tutamak","7":"product_cat-boomerang","8":"product_cat-all","9":"product_cat-edge","10":"product_cat-pu-pu-holds-tutmak","11":"product_cat-crimp","12":"product_cat-sloper","13":"product_cat-xxxl","14":"product_tag-by-family","15":"product_tag-by-size","16":"product_tag-by-style","17":"product_tag-hand-holds","19":"first","20":"instock","21":"taxable","22":"shipping-taxable","23":"purchasable","24":"product-type-simple"},"_links":{"self":[{"href":"https:\/\/kandiholds.com\/tr\/wp-json\/wp\/v2\/product\/1155","targetHints":{"allow":["GET"]}}],"collection":[{"href":"https:\/\/kandiholds.com\/tr\/wp-json\/wp\/v2\/product"}],"about":[{"href":"https:\/\/kandiholds.com\/tr\/wp-json\/wp\/v2\/types\/product"}],"replies":[{"embeddable":true,"href":"https:\/\/kandiholds.com\/tr\/wp-json\/wp\/v2\/comments?post=1155"}],"wp:featuredmedia":[{"embeddable":true,"href":"https:\/\/kandiholds.com\/tr\/wp-json\/wp\/v2\/media\/947"}],"wp:attachment":[{"href":"https:\/\/kandiholds.com\/tr\/wp-json\/wp\/v2\/media?parent=1155"}],"wp:term":[{"taxonomy":"product_brand","embeddable":true,"href":"https:\/\/kandiholds.com\/tr\/wp-json\/wp\/v2\/product_brand?post=1155"},{"taxonomy":"product_cat","embeddable":true,"href":"https:\/\/kandiholds.com\/tr\/wp-json\/wp\/v2\/product_cat?post=1155"},{"taxonomy":"product_tag","embeddable":true,"href":"https:\/\/kandiholds.com\/tr\/wp-json\/wp\/v2\/product_tag?post=1155"}],"curies":[{"name":"wp","href":"https:\/\/api.w.org\/{rel}","templated":true}]}}