{"id":1713,"date":"2022-11-20T22:51:32","date_gmt":"2022-11-20T19:51:32","guid":{"rendered":"https:\/\/kandiholds.com\/?post_type=product&#038;p=1713"},"modified":"2022-11-20T22:51:33","modified_gmt":"2022-11-20T19:51:33","slug":"juguar-mega","status":"publish","type":"product","link":"https:\/\/kandiholds.com\/tr\/product\/juguar-mega\/","title":{"rendered":"Juguar Mega"},"content":{"rendered":"","protected":false},"excerpt":{"rendered":"<p><strong>Family<\/strong>: \u00a0\u00a0\u00a0\u00a0\u00a0\u00a0\u00a0\u00a0\u00a0\u00a0\u00a0\u00a0\u00a0\u00a0\u00a0\u00a0\u00a0 Juguar<br \/>\n<strong>Tutamak say\u0131s<\/strong>:\u00a0\u00a0 1<br \/>\n<strong>Stil<\/strong>:\u00a0\u00a0\u00a0\u00a0\u00a0\u00a0\u00a0\u00a0\u00a0\u00a0\u00a0\u00a0\u00a0\u00a0\u00a0\u00a0 \u00a0 \u00a0 \u00a0 \u00a0\u00a0 Cep<br \/>\n<strong>Size<\/strong>: \u00a0\u00a0\u00a0\u00a0\u00a0\u00a0\u00a0\u00a0\u00a0\u00a0\u00a0\u00a0\u00a0\u00a0\u00a0\u00a0\u00a0\u00a0\u00a0\u00a0\u00a0\u00a0 Mega<br \/>\n<strong>Hollowback<\/strong>:\u00a0\u00a0\u00a0\u00a0\u00a0\u00a0\u00a0 Hay\u0131r<br \/>\n<strong>A\u011f\u0131rl\u0131k<\/strong>:<br \/>\n<strong>Malzemesi<\/strong>: \u00a0\u00a0\u00a0\u00a0\u00a0\u00a0\u00a0\u00a0\u00a0 PU<br \/>\n<strong>Dizayn<\/strong>: \u00a0 \u00a0 \u00a0\u00a0\u00a0\u00a0\u00a0\u00a0\u00a0\u00a0\u00a0\u00a0\u00a0\u00a0\u00a0 Murat A. Kandi<\/p>\n","protected":false},"featured_media":1681,"comment_status":"open","ping_status":"closed","template":"","meta":[],"product_brand":[],"product_cat":[141,61,111,125,106,96],"product_tag":[],"class_list":{"0":"post-1713","1":"product","2":"type-product","3":"status-publish","4":"has-post-thumbnail","6":"product_cat-jug-uar","7":"product_cat-holds-tutamak","8":"product_cat-jug","9":"product_cat-all","10":"product_cat-mega","11":"product_cat-pu-pu-holds-tutmak","13":"first","14":"instock","15":"taxable","16":"shipping-taxable","17":"purchasable","18":"product-type-simple"},"_links":{"self":[{"href":"https:\/\/kandiholds.com\/tr\/wp-json\/wp\/v2\/product\/1713","targetHints":{"allow":["GET"]}}],"collection":[{"href":"https:\/\/kandiholds.com\/tr\/wp-json\/wp\/v2\/product"}],"about":[{"href":"https:\/\/kandiholds.com\/tr\/wp-json\/wp\/v2\/types\/product"}],"replies":[{"embeddable":true,"href":"https:\/\/kandiholds.com\/tr\/wp-json\/wp\/v2\/comments?post=1713"}],"wp:featuredmedia":[{"embeddable":true,"href":"https:\/\/kandiholds.com\/tr\/wp-json\/wp\/v2\/media\/1681"}],"wp:attachment":[{"href":"https:\/\/kandiholds.com\/tr\/wp-json\/wp\/v2\/media?parent=1713"}],"wp:term":[{"taxonomy":"product_brand","embeddable":true,"href":"https:\/\/kandiholds.com\/tr\/wp-json\/wp\/v2\/product_brand?post=1713"},{"taxonomy":"product_cat","embeddable":true,"href":"https:\/\/kandiholds.com\/tr\/wp-json\/wp\/v2\/product_cat?post=1713"},{"taxonomy":"product_tag","embeddable":true,"href":"https:\/\/kandiholds.com\/tr\/wp-json\/wp\/v2\/product_tag?post=1713"}],"curies":[{"name":"wp","href":"https:\/\/api.w.org\/{rel}","templated":true}]}}